{"id":302,"date":"2024-03-12T20:59:00","date_gmt":"2024-03-12T19:59:00","guid":{"rendered":"https:\/\/www.profilmontasje.no\/?page_id=302"},"modified":"2024-03-12T20:59:00","modified_gmt":"2024-03-12T19:59:00","slug":"kvalitetsmal","status":"publish","type":"page","link":"https:\/\/www.profilmontasje.no\/?page_id=302","title":{"rendered":"Kvalitetsm\u00e5l"},"content":{"rendered":"\n<p><strong>Policy<\/strong><\/p>\n\n\n\n<p>Profil Montasje AS \u00f8nsker \u00e5 v\u00e6re en engasjert og l\u00f8sningsorientert samarbeidspartner sammen med v\u00e5re kunder.<\/p>\n\n\n\n<p>Vi forplikter oss til \u00e5 tilfredsstille alle kjente krav til det ytre milj\u00f8, sikkert arbeidsmilj\u00f8 og kvalitet i v\u00e5re leveranser, samt til \u00e5 og arbeide systematisk for \u00e5 forebygge belastningen p\u00e5 det ytre milj\u00f8 og n\u00e5 fastsatte m\u00e5l i v\u00e5r virksomhet.<\/p>\n\n\n\n<p><strong>M\u00e5l<\/strong><\/p>\n\n\n\n<p>Profil Montasje AS er sertifisert etter kvalitetsstandarden ISO 9001 og bruker dette systemet aktivt til kontinuerlig forbedring i alle ledd i bedriften. Dette kvalitetssystemet er tilpasset v\u00e5r virksomhet og drift og er et viktig verkt\u00f8y for \u00e5 bli bedre fra salg og anbud til ferdig levert produkt. Vi har som m\u00e5l at kvalitetssystemet skal bedre systematikken i v\u00e5rt daglige arbeid, forenkler v\u00e5re prosesser og gir oss en bedre oversikt over de forskjellige prosessene og aktivitetene. Revisjoner og avviksbehandling er viktig for \u00e5 f\u00e5 til forbedring i Profil Montasje AS.<\/p>\n\n\n\n<p><strong>Milj\u00f8m\u00e5l<\/strong><\/p>\n\n\n\n<p>Profil Montasje AS er sertifisert etter milj\u00f8standarden ISO 14001 \u2013 Milj\u00f8styring. Vi har satt sammen et sett med kriterier som det m\u00e5les p\u00e5 og som skal benyttes til \u00e5 forbedre v\u00e5rt milj\u00f8regnskap \u00e5rlig:<\/p>\n\n\n\n<ul class=\"wp-block-list\">\n<li>Redusere den totale bruken av diesel\/bensin<\/li>\n\n\n\n<li>Redusere mengden restavfall og \u00f8ke graden av kildesortering<\/li>\n\n\n\n<li>Redusere utslipp til ytremilj\u00f8<\/li>\n\n\n\n<li>Vi skal levere produktet som har lavest mulig energiforbruk og setter minst mulig milj\u00f8avtrykk. Dette skal sikres i salgsfasen av alle prosjekter, der kunden f\u00e5r sp\u00f8rsm\u00e5l om \u00e5 velge den mest b\u00e6rekraftige l\u00f8sningen.<\/li>\n<\/ul>\n","protected":false},"excerpt":{"rendered":"<p>Policy Profil Montasje AS \u00f8nsker \u00e5 v\u00e6re en engasjert og l\u00f8sningsorientert samarbeidspartner sammen med v\u00e5re kunder. Vi forplikter oss til \u00e5 tilfredsstille alle kjente krav til det ytre milj\u00f8, sikkert arbeidsmilj\u00f8 og kvalitet i v\u00e5re leveranser, samt til \u00e5 og arbeide systematisk for \u00e5 forebygge belastningen p\u00e5 det ytre milj\u00f8 og n\u00e5 fastsatte m\u00e5l i &hellip; <\/p>\n<p class=\"link-more\"><a href=\"https:\/\/www.profilmontasje.no\/?page_id=302\" class=\"more-link\">Fortsett \u00e5 lese<span class=\"screen-reader-text\"> \u00abKvalitetsm\u00e5l\u00bb<\/span><\/a><\/p>\n","protected":false},"author":1,"featured_media":0,"parent":0,"menu_order":0,"comment_status":"closed","ping_status":"closed","template":"","meta":{"footnotes":""},"class_list":["post-302","page","type-page","status-publish","hentry"],"_links":{"self":[{"href":"https:\/\/www.profilmontasje.no\/index.php?rest_route=\/wp\/v2\/pages\/302","targetHints":{"allow":["GET"]}}],"collection":[{"href":"https:\/\/www.profilmontasje.no\/index.php?rest_route=\/wp\/v2\/pages"}],"about":[{"href":"https:\/\/www.profilmontasje.no\/index.php?rest_route=\/wp\/v2\/types\/page"}],"author":[{"embeddable":true,"href":"https:\/\/www.profilmontasje.no\/index.php?rest_route=\/wp\/v2\/users\/1"}],"replies":[{"embeddable":true,"href":"https:\/\/www.profilmontasje.no\/index.php?rest_route=%2Fwp%2Fv2%2Fcomments&post=302"}],"version-history":[{"count":1,"href":"https:\/\/www.profilmontasje.no\/index.php?rest_route=\/wp\/v2\/pages\/302\/revisions"}],"predecessor-version":[{"id":304,"href":"https:\/\/www.profilmontasje.no\/index.php?rest_route=\/wp\/v2\/pages\/302\/revisions\/304"}],"wp:attachment":[{"href":"https:\/\/www.profilmontasje.no\/index.php?rest_route=%2Fwp%2Fv2%2Fmedia&parent=302"}],"curies":[{"name":"wp","href":"https:\/\/api.w.org\/{rel}","templated":true}]}}