{"id":64,"date":"2022-01-12T15:05:53","date_gmt":"2022-01-12T15:05:53","guid":{"rendered":"http:\/\/profilmonta.tx.no\/?page_id=64"},"modified":"2022-01-13T20:25:10","modified_gmt":"2022-01-13T20:25:10","slug":"hjem","status":"publish","type":"page","link":"https:\/\/www.profilmontasje.no\/","title":{"rendered":"Hjem"},"content":{"rendered":"\n<p class=\"has-normal-font-size\">Profil Montasje AS leverer og monterer komplette st\u00e5lbygg ferdig med vinduer, d\u00f8rer og porter. Dette inkluderer b\u00e6resystem i st\u00e5l, selvb\u00e6rende takplater, alle typer fasadeplater samt hulldekker<\/p>\n\n\n\n<p class=\"has-text-color\" style=\"color:#8a8c8d;font-size:14px\">Vi er et av de ledende montasjefirmaene innenfor bygningsbransjen i \u00d8stlandsregionen og er en seri\u00f8s og profesjonell leverand\u00f8r av byggetjenester med hovedvekt p\u00e5 st\u00e5l og blikkenslagerarbeid.<\/p>\n","protected":false},"excerpt":{"rendered":"<p>Profil Montasje AS leverer og monterer komplette st\u00e5lbygg ferdig med vinduer, d\u00f8rer og porter. Dette inkluderer b\u00e6resystem i st\u00e5l, selvb\u00e6rende takplater, alle typer fasadeplater samt hulldekker Vi er et av de ledende montasjefirmaene innenfor bygningsbransjen i \u00d8stlandsregionen og er en seri\u00f8s og profesjonell leverand\u00f8r av byggetjenester med hovedvekt p\u00e5 st\u00e5l og blikkenslagerarbeid.<\/p>\n","protected":false},"author":1,"featured_media":0,"parent":0,"menu_order":0,"comment_status":"closed","ping_status":"closed","template":"","meta":{"footnotes":""},"class_list":["post-64","page","type-page","status-publish","hentry"],"_links":{"self":[{"href":"https:\/\/www.profilmontasje.no\/index.php?rest_route=\/wp\/v2\/pages\/64","targetHints":{"allow":["GET"]}}],"collection":[{"href":"https:\/\/www.profilmontasje.no\/index.php?rest_route=\/wp\/v2\/pages"}],"about":[{"href":"https:\/\/www.profilmontasje.no\/index.php?rest_route=\/wp\/v2\/types\/page"}],"author":[{"embeddable":true,"href":"https:\/\/www.profilmontasje.no\/index.php?rest_route=\/wp\/v2\/users\/1"}],"replies":[{"embeddable":true,"href":"https:\/\/www.profilmontasje.no\/index.php?rest_route=%2Fwp%2Fv2%2Fcomments&post=64"}],"version-history":[{"count":3,"href":"https:\/\/www.profilmontasje.no\/index.php?rest_route=\/wp\/v2\/pages\/64\/revisions"}],"predecessor-version":[{"id":123,"href":"https:\/\/www.profilmontasje.no\/index.php?rest_route=\/wp\/v2\/pages\/64\/revisions\/123"}],"wp:attachment":[{"href":"https:\/\/www.profilmontasje.no\/index.php?rest_route=%2Fwp%2Fv2%2Fmedia&parent=64"}],"curies":[{"name":"wp","href":"https:\/\/api.w.org\/{rel}","templated":true}]}}