{"id":66,"date":"2022-01-12T15:05:53","date_gmt":"2022-01-12T15:05:53","guid":{"rendered":"http:\/\/profilmonta.tx.no\/?page_id=66"},"modified":"2024-02-04T13:04:51","modified_gmt":"2024-02-04T12:04:51","slug":"kontakt-oss","status":"publish","type":"page","link":"https:\/\/www.profilmontasje.no\/?page_id=66","title":{"rendered":"Kontakt oss"},"content":{"rendered":"\n<figure class=\"wp-block-image size-full\"><img loading=\"lazy\" decoding=\"async\" width=\"715\" height=\"147\" src=\"http:\/\/profilmonta.tx.no\/wp-content\/uploads\/2022\/04\/Kontakt_oss.jpg\" alt=\"\" class=\"wp-image-196\" srcset=\"https:\/\/www.profilmontasje.no\/wp-content\/uploads\/2022\/04\/Kontakt_oss.jpg 715w, https:\/\/www.profilmontasje.no\/wp-content\/uploads\/2022\/04\/Kontakt_oss-300x62.jpg 300w\" sizes=\"auto, (max-width: 715px) 100vw, 715px\" \/><\/figure>\n\n\n\n<p class=\"has-large-font-size\" style=\"line-height:1.2\"><strong>Kontakt oss gjerne for en uforpliktende samtale, eller be om produktpr\u00f8ver<\/strong><\/p>\n\n\n\n<p style=\"line-height:1.4\">Du n\u00e5r oss p\u00e5 telefon +47 35 49 99 59<br>eller p\u00e5 mail: <a href=\"mailto:bakkebo@profilmontasje.no\" target=\"_blank\" rel=\"noreferrer noopener\">bakkebo@profilmontasje.no<\/a><\/p>\n\n\n\n<div class=\"wp-block-columns is-layout-flex wp-container-core-columns-is-layout-9d6595d7 wp-block-columns-is-layout-flex\">\n<div class=\"wp-block-column is-layout-flow wp-block-column-is-layout-flow\" style=\"flex-basis:60%\">\n<p style=\"font-size:18px\">Profil Montasje AS leverer og monterer komplette st\u00e5lbygg ferdig med vinduer, d\u00f8rer og porter. Dette inkluderer b\u00e6resystem i st\u00e5l, selvb\u00e6rende takplater, alle typer fasadeplater samt hulldekker.<\/p>\n<\/div>\n\n\n\n<div class=\"wp-block-column is-layout-flow wp-block-column-is-layout-flow\" style=\"flex-basis:45%\">\n<p class=\"has-cyan-bluish-gray-color has-text-color\">Vi er et av de ledende montasjefirmaene innenfor bygningsbransjen i \u00d8stlandsregionen og er en seri\u00f8s og profesjonell leverand\u00f8r av byggetjenester med hovedvekt p\u00e5 st\u00e5l og blikkenslagerarbeid<\/p>\n<\/div>\n<\/div>\n\n\n\n<div class=\"wp-block-columns is-layout-flex wp-container-core-columns-is-layout-9d6595d7 wp-block-columns-is-layout-flex\">\n<div class=\"wp-block-column is-layout-flow wp-block-column-is-layout-flow\">\n<p class=\"has-text-color\" style=\"color:#054193\"><strong>Sven Sandersen<\/strong><\/p>\n\n\n\n<p class=\"has-black-color has-text-color\"><em>Daglig leder<\/em><br>Mobil +47 916 28 651<br>Epost: <a href=\"mailto:sandersen@profilmontasje.no\" target=\"_blank\" rel=\"noreferrer noopener\">sandersen@profilmontasje.no<\/a><br><\/p>\n<\/div>\n\n\n\n<div class=\"wp-block-column is-layout-flow wp-block-column-is-layout-flow\">\n<p class=\"has-text-color\" style=\"color:#054193\"><strong>Beate Bakkeb\u00f8<\/strong><\/p>\n\n\n\n<p><em>Administrasjons sekret\u00e6r<\/em><br>Mobil +47 904 18 046<br>Kontor +47 35 49 99 59<br>Epost: <a href=\"mailto:bakkebo@profilmontasje.no\" target=\"_blank\" rel=\"noreferrer noopener\">bakkebo@profilmontasje.no<\/a><\/p>\n<\/div>\n<\/div>\n\n\n\n<div class=\"wp-block-columns is-layout-flex wp-container-core-columns-is-layout-9d6595d7 wp-block-columns-is-layout-flex\">\n<div class=\"wp-block-column is-layout-flow wp-block-column-is-layout-flow\">\n<p class=\"has-text-color\" style=\"color:#054193\"><strong>Henrik V\u00e5gran<\/strong><\/p>\n\n\n\n<p><em>Prosjektleder<\/em><br>Mobil: +47 954 58&nbsp;837<br>Epost: <a href=\"mailto:hv@profilmontasje.no\" target=\"_blank\" rel=\"noreferrer noopener\">hv@profilmontasje.no<\/a><\/p>\n\n\n\n<p class=\"has-text-color\" style=\"color:#054193\"><\/p>\n\n\n\n<p><\/p>\n<\/div>\n\n\n\n<div class=\"wp-block-column is-layout-flow wp-block-column-is-layout-flow\">\n<p class=\"has-text-color\" style=\"color:#054193\"><strong>Stig Harald R\u00f8nningen<\/strong><\/p>\n\n\n\n<p><em>Prosjektleder<\/em><br>Mobil: +47 412 11 190<br>Epost: <a rel=\"noreferrer noopener\" href=\"mailto:shr@profilmontasje.no\" target=\"_blank\">shr@profilmontasje.no<\/a><\/p>\n<\/div>\n<\/div>\n\n\n\n<p><strong>Bes\u00f8ksadresse:<\/strong><br><strong>Profil Montasje AS<\/strong><br><strong>Heir\u00f8nningen 11<br>3947 Porsgrunn<\/strong><\/p>\n\n\n<div id=\"wpgmza_map\" class=\"wpgmza_map\" data-settings='{\"id\":\"1\",\"map_title\":\"New Map\",\"map_width\":\"100\",\"map_height\":\"400\",\"map_start_lat\":\"59.09590428287663\",\"map_start_lng\":\"9.808306453574954\",\"map_start_location\":\"45.950464398418106,-109.81550500000003\",\"map_start_zoom\":\"13\",\"default_marker\":\"\",\"type\":\"0\",\"alignment\":\"4\",\"directions_enabled\":\"0\",\"styling_enabled\":\"0\",\"styling_json\":\"\",\"active\":\"0\",\"kml\":\"\",\"bicycle\":\"0\",\"traffic\":\"0\",\"dbox\":\"0\",\"dbox_width\":\"\",\"listmarkers\":\"0\",\"listmarkers_advanced\":\"0\",\"filterbycat\":\"0\",\"ugm_enabled\":\"0\",\"ugm_category_enabled\":\"0\",\"fusion\":\"\",\"map_width_type\":\"%\",\"map_height_type\":\"px\",\"mass_marker_support\":\"0\",\"ugm_access\":\"0\",\"order_markers_by\":\"0\",\"order_markers_choice\":\"0\",\"show_user_location\":\"0\",\"default_to\":\"\",\"other_settings\":{\"map_type\":1,\"sl_stroke_color\":\"\",\"sl_fill_color\":\"\",\"sl_stroke_opacity\":\"\",\"sl_fill_opacity\":\"\",\"transport_layer\":false,\"action\":\"wpgmza_save_map\",\"redirect_to\":\"\\\/wp-admin\\\/admin-post.php\",\"map_id\":\"1\",\"http_referer\":\"\\\/wp-admin\\\/admin.php?page=wp-google-maps-menu&amp;amp;action=edit&amp;amp;map_id=1\",\"wpgmza_id\":\"1\",\"wpgmza_start_location\":\"59.09590428287663,9.808306453574954\",\"wpgmza_start_zoom\":\"13\",\"store_locator_enabled\":false,\"store_locator_search_area\":\"radial\",\"wpgmza_store_locator_radius_style\":\"legacy\",\"wpgmza_store_locator_default_radius\":\"10\",\"store_locator_auto_area_max_zoom\":\"\",\"store_locator_distance\":false,\"wpgmza_store_locator_position\":false,\"store_locator_show_distance\":false,\"store_locator_category\":false,\"wpgmza_store_locator_use_their_location\":false,\"wpgmza_store_locator_bounce\":false,\"wpgmza_sl_animation\":null,\"wpgmza_store_locator_hide_before_search\":false,\"store_locator_query_string\":\"\",\"store_locator_default_address\":\"\",\"store_locator_name_search\":false,\"store_locator_name_string\":\"\",\"store_locator_not_found_message\":\"\",\"wpgmza_map_align\":\"1\",\"jump_to_nearest_marker_on_initialization\":false,\"automatically_pan_to_users_location\":false,\"override_users_location_zoom_level\":false,\"override_users_location_zoom_levels\":\"\",\"show_distance_from_location\":false,\"map_max_zoom\":\"21\",\"map_min_zoom\":\"0\",\"click_open_link\":false,\"fit_maps_bounds_to_markers\":false,\"fit_maps_bounds_to_markers_after_filtering\":false,\"hide_point_of_interest\":false,\"wpgmza_zoom_on_marker_click\":false,\"wpgmza_zoom_on_marker_click_slider\":\"\",\"close_infowindow_on_map_click\":false,\"disable_lightbox_images\":false,\"use_Raw_Jpeg_Coordinates\":false,\"disable_polygon_info_windows\":false,\"enable_marker_ratings\":false,\"only_load_markers_within_viewport\":false,\"iw_primary_color\":\"#000000\",\"iw_accent_color\":\"#000000\",\"iw_text_color\":\"#000000\",\"wpgmza_listmarkers_by\":\"0\",\"wpgmza_marker_listing_position\":false,\"zoom_level_on_marker_listing_override\":false,\"zoom_level_on_marker_listing_click\":\"\",\"datatable_no_result_message\":\"\",\"remove_search_box_datables\":false,\"dataTable_pagination_style\":null,\"datatable_search_string\":\"\",\"datatable_result_start\":\"\",\"datatable_result_of\":\"\",\"datatable_result_to\":\"\",\"datatable_result_total\":\"\",\"datatable_result_show\":\"\",\"datatable_result_entries\":\"\",\"wpgmza_savemap\":\"Lagre \\u00bb\",\"store_locator_location_placeholder\":\"\",\"marker_listing_disable_zoom\":false}}' data-map-id='1' Data-maps-engine='open-layers' data-shortcode-attributes='{\"id\":\"1\"}' style=\"display:block; overflow:auto; width:100%; height:400px; float:left;\"><\/div>","protected":false},"excerpt":{"rendered":"<p>Kontakt oss gjerne for en uforpliktende samtale, eller be om produktpr\u00f8ver Du n\u00e5r oss p\u00e5 telefon +47 35 49 99 59eller p\u00e5 mail: bakkebo@profilmontasje.no Profil Montasje AS leverer og monterer komplette st\u00e5lbygg ferdig med vinduer, d\u00f8rer og porter. Dette inkluderer b\u00e6resystem i st\u00e5l, selvb\u00e6rende takplater, alle typer fasadeplater samt hulldekker. Vi er et av de &hellip; <\/p>\n<p class=\"link-more\"><a href=\"https:\/\/www.profilmontasje.no\/?page_id=66\" class=\"more-link\">Fortsett \u00e5 lese<span class=\"screen-reader-text\"> \u00abKontakt oss\u00bb<\/span><\/a><\/p>\n","protected":false},"author":1,"featured_media":224,"parent":0,"menu_order":0,"comment_status":"closed","ping_status":"closed","template":"","meta":{"footnotes":""},"class_list":["post-66","page","type-page","status-publish","has-post-thumbnail","hentry"],"_links":{"self":[{"href":"https:\/\/www.profilmontasje.no\/index.php?rest_route=\/wp\/v2\/pages\/66","targetHints":{"allow":["GET"]}}],"collection":[{"href":"https:\/\/www.profilmontasje.no\/index.php?rest_route=\/wp\/v2\/pages"}],"about":[{"href":"https:\/\/www.profilmontasje.no\/index.php?rest_route=\/wp\/v2\/types\/page"}],"author":[{"embeddable":true,"href":"https:\/\/www.profilmontasje.no\/index.php?rest_route=\/wp\/v2\/users\/1"}],"replies":[{"embeddable":true,"href":"https:\/\/www.profilmontasje.no\/index.php?rest_route=%2Fwp%2Fv2%2Fcomments&post=66"}],"version-history":[{"count":12,"href":"https:\/\/www.profilmontasje.no\/index.php?rest_route=\/wp\/v2\/pages\/66\/revisions"}],"predecessor-version":[{"id":296,"href":"https:\/\/www.profilmontasje.no\/index.php?rest_route=\/wp\/v2\/pages\/66\/revisions\/296"}],"wp:featuredmedia":[{"embeddable":true,"href":"https:\/\/www.profilmontasje.no\/index.php?rest_route=\/wp\/v2\/media\/224"}],"wp:attachment":[{"href":"https:\/\/www.profilmontasje.no\/index.php?rest_route=%2Fwp%2Fv2%2Fmedia&parent=66"}],"curies":[{"name":"wp","href":"https:\/\/api.w.org\/{rel}","templated":true}]}}