{"id":95,"date":"2022-01-12T18:22:10","date_gmt":"2022-01-12T18:22:10","guid":{"rendered":"http:\/\/profilmonta.tx.no\/?page_id=95"},"modified":"2022-04-04T19:07:35","modified_gmt":"2022-04-04T19:07:35","slug":"ledige-stillinger","status":"publish","type":"page","link":"https:\/\/www.profilmontasje.no\/?page_id=95","title":{"rendered":"Ledige stillinger"},"content":{"rendered":"\n<figure class=\"wp-block-image size-full\"><img loading=\"lazy\" decoding=\"async\" width=\"715\" height=\"147\" src=\"http:\/\/profilmonta.tx.no\/wp-content\/uploads\/2022\/04\/Ledige_Stillinger.jpg\" alt=\"\" class=\"wp-image-199\" srcset=\"https:\/\/www.profilmontasje.no\/wp-content\/uploads\/2022\/04\/Ledige_Stillinger.jpg 715w, https:\/\/www.profilmontasje.no\/wp-content\/uploads\/2022\/04\/Ledige_Stillinger-300x62.jpg 300w\" sizes=\"auto, (max-width: 715px) 100vw, 715px\" \/><\/figure>\n\n\n\n<p class=\"has-medium-font-size\"><strong><strong>Profil Montasje AS er alltid p\u00e5 utkikk etter kvalifiserte og dyktige medarbeider med kunnskap innenfor omr\u00e5det<\/strong><\/strong><\/p>\n\n\n\n<p class=\"has-text-color\" style=\"color:#0733b6\"><strong>UNDER KAN DU SE HVA VI ER P\u00c5 UTKIKK ETTER FOR \u00d8YEBLIKKET<\/strong><\/p>\n\n\n\n<figure class=\"wp-block-table\"><table><tbody><tr><td><strong>Blikkenslager<\/strong><\/td><td>Vi ser etter blikkenslager med fagbrev. Har du i tillegg erfaring fra bygg og anlegg s\u00e5 er du en interessant kandidat for oss.<\/td><\/tr><tr><td><strong>Prosjektleder<\/strong><\/td><td>Har du erfaring som prosjektleder innen bygg og anlegg s\u00e5 \u00f8nsker vi \u00e5 komme i kontakt med deg.<\/td><\/tr><tr><td><strong>M\u00f8nt\u00f8r(er)<\/strong><\/td><td>Vi er alltid p\u00e5 utkikk etter dyktige mont\u00f8rer og har du erfaring fra bygg og anlegg eller annen virksomhet som har relasjoner til verkstedindustrien er du interessant for oss.<\/td><\/tr><\/tbody><\/table><\/figure>\n\n\n\n<p>Send en kortfattet s\u00f8knad til <a rel=\"noreferrer noopener\" href=\"mailto:bakkebo@profilmontasje.no\" target=\"_blank\">bakkebo@profilmontasje.no<\/a> og legg ved CV&#8217;en din.<\/p>\n","protected":false},"excerpt":{"rendered":"<p>Profil Montasje AS er alltid p\u00e5 utkikk etter kvalifiserte og dyktige medarbeider med kunnskap innenfor omr\u00e5det UNDER KAN DU SE HVA VI ER P\u00c5 UTKIKK ETTER FOR \u00d8YEBLIKKET Blikkenslager Vi ser etter blikkenslager med fagbrev. Har du i tillegg erfaring fra bygg og anlegg s\u00e5 er du en interessant kandidat for oss. Prosjektleder Har du &hellip; <\/p>\n<p class=\"link-more\"><a href=\"https:\/\/www.profilmontasje.no\/?page_id=95\" class=\"more-link\">Fortsett \u00e5 lese<span class=\"screen-reader-text\"> \u00abLedige stillinger\u00bb<\/span><\/a><\/p>\n","protected":false},"author":1,"featured_media":97,"parent":0,"menu_order":0,"comment_status":"closed","ping_status":"closed","template":"","meta":{"footnotes":""},"class_list":["post-95","page","type-page","status-publish","has-post-thumbnail","hentry"],"_links":{"self":[{"href":"https:\/\/www.profilmontasje.no\/index.php?rest_route=\/wp\/v2\/pages\/95","targetHints":{"allow":["GET"]}}],"collection":[{"href":"https:\/\/www.profilmontasje.no\/index.php?rest_route=\/wp\/v2\/pages"}],"about":[{"href":"https:\/\/www.profilmontasje.no\/index.php?rest_route=\/wp\/v2\/types\/page"}],"author":[{"embeddable":true,"href":"https:\/\/www.profilmontasje.no\/index.php?rest_route=\/wp\/v2\/users\/1"}],"replies":[{"embeddable":true,"href":"https:\/\/www.profilmontasje.no\/index.php?rest_route=%2Fwp%2Fv2%2Fcomments&post=95"}],"version-history":[{"count":3,"href":"https:\/\/www.profilmontasje.no\/index.php?rest_route=\/wp\/v2\/pages\/95\/revisions"}],"predecessor-version":[{"id":200,"href":"https:\/\/www.profilmontasje.no\/index.php?rest_route=\/wp\/v2\/pages\/95\/revisions\/200"}],"wp:featuredmedia":[{"embeddable":true,"href":"https:\/\/www.profilmontasje.no\/index.php?rest_route=\/wp\/v2\/media\/97"}],"wp:attachment":[{"href":"https:\/\/www.profilmontasje.no\/index.php?rest_route=%2Fwp%2Fv2%2Fmedia&parent=95"}],"curies":[{"name":"wp","href":"https:\/\/api.w.org\/{rel}","templated":true}]}}